{"id":29243,"date":"2025-06-04T12:05:08","date_gmt":"2025-06-04T12:05:08","guid":{"rendered":"https:\/\/zeas.immo\/?page_id=29243"},"modified":"2026-03-21T09:16:23","modified_gmt":"2026-03-21T09:16:23","slug":"kontaktieren-sie-uns","status":"publish","type":"page","link":"https:\/\/zeas.immo\/de\/contact-us\/","title":{"rendered":"Kontaktieren Sie uns"},"content":{"rendered":"<div data-elementor-type=\"wp-page\" data-elementor-id=\"29243\" class=\"elementor elementor-29243\" data-elementor-post-type=\"page\">\n\t\t\t\t<div class=\"elementor-element elementor-element-159396d e-flex e-con-boxed e-con e-parent\" data-id=\"159396d\" data-element_type=\"container\" data-e-type=\"container\">\n\t\t\t\t\t<div class=\"e-con-inner\">\n\t\t\t\t<div class=\"elementor-element elementor-element-7eb0280 elementor-widget elementor-widget-html\" data-id=\"7eb0280\" data-element_type=\"widget\" data-e-type=\"widget\" data-widget_type=\"html.default\">\n\t\t\t\t<div class=\"elementor-widget-container\">\n\t\t\t\t\t<link href=\"https:\/\/fonts.googleapis.com\/css2?family=Poppins:wght@300;400;600&display=swap\" rel=\"stylesheet\">\n\n<style>\n*, *::before, *::after { box-sizing: border-box; margin: 0; padding: 0; }\n\n#zeas-contact {\n  max-width: 1240px;\n  margin: 0 auto;\n  padding: 64px 60px;\n}\n\n\/* \u2500\u2500 Typography \u2500\u2500\u2500\u2500\u2500\u2500\u2500\u2500\u2500\u2500\u2500\u2500\u2500\u2500\u2500\u2500\u2500\u2500\u2500\u2500\u2500\u2500\u2500\u2500\u2500\u2500\u2500\u2500\u2500\u2500\u2500\u2500\u2500\u2500\u2500 *\/\n.cp-eyebrow {\n  font-family: 'Helvetica Neue', Helvetica, Arial, sans-serif;\n  font-size: 0.72em;\n  font-weight: 700;\n  text-transform: uppercase;\n  letter-spacing: 2.5px;\n  color: #FF5C0B;\n  margin-bottom: 20px;\n}\n\n.cp-h2 {\n  font-family: 'Helvetica Neue', Helvetica, Arial, sans-serif;\n  font-size: clamp(24px, 2.6vw, 38px);\n  font-weight: 700;\n  color: #111110;\n  line-height: 1.2;\n  letter-spacing: -0.5px;\n  margin-bottom: 20px;\n}\n\n.cp-body {\n  font-family: 'Poppins', sans-serif;\n  font-size: 1em;\n  font-weight: 300;\n  color: #2a2a28;\n  line-height: 1.9;\n  margin-bottom: 16px;\n}\n\n.cp-body a {\n  color: #FF5C0B;\n  text-decoration: none;\n  border-bottom: 1px solid #FF5C0B;\n}\n\n.cp-divider {\n  border: none;\n  border-top: 1px solid #e4e0da;\n  margin: 52px 0;\n}\n\n\/* \u2500\u2500 Two-column layout \u2500\u2500\u2500\u2500\u2500\u2500\u2500\u2500\u2500\u2500\u2500\u2500\u2500\u2500\u2500\u2500\u2500\u2500\u2500\u2500\u2500\u2500\u2500\u2500\u2500\u2500\u2500\u2500 *\/\n.cp-layout {\n  display: grid;\n  grid-template-columns: 1fr 1fr;\n  gap: 80px;\n  align-items: start;\n}\n\n@media (max-width: 860px) {\n  .cp-layout { grid-template-columns: 1fr; gap: 48px; }\n  #zeas-contact { padding: 40px 32px; }\n}\n\n@media (max-width: 600px) {\n  #zeas-contact { padding: 32px 20px; }\n}\n\n\/* \u2500\u2500 What happens next \u2014 steps \u2500\u2500\u2500\u2500\u2500\u2500\u2500\u2500\u2500\u2500\u2500\u2500\u2500\u2500\u2500\u2500\u2500\u2500\u2500\u2500 *\/\n.cp-steps {\n  display: flex;\n  flex-direction: column;\n  gap: 32px;\n  margin-top: 8px;\n}\n\n.cp-step { display: flex; gap: 20px; align-items: flex-start; }\n\n.cp-step-num {\n  font-family: 'Helvetica Neue', Helvetica, Arial, sans-serif;\n  font-size: 1.8em;\n  font-weight: 700;\n  color: #FF5C0B;\n  line-height: 1;\n  min-width: 44px;\n}\n\n.cp-step-title {\n  font-family: 'Helvetica Neue', Helvetica, Arial, sans-serif;\n  font-size: 0.95em;\n  font-weight: 700;\n  color: #111110;\n  margin-bottom: 6px;\n}\n\n.cp-step-desc {\n  font-family: 'Poppins', sans-serif;\n  font-size: 0.9em;\n  font-weight: 300;\n  color: #555552;\n  line-height: 1.8;\n}\n\n\/* \u2500\u2500 Contact tiles \u2500\u2500\u2500\u2500\u2500\u2500\u2500\u2500\u2500\u2500\u2500\u2500\u2500\u2500\u2500\u2500\u2500\u2500\u2500\u2500\u2500\u2500\u2500\u2500\u2500\u2500\u2500\u2500\u2500\u2500\u2500\u2500 *\/\n.cp-contact-tiles {\n  display: grid;\n  grid-template-columns: repeat(3, 1fr);\n  gap: 16px;\n  margin-top: 8px;\n}\n\n@media (max-width: 600px) {\n  .cp-contact-tiles { grid-template-columns: 1fr; }\n}\n\n.cp-tile {\n  padding: 22px 24px;\n  border: 1px solid #e4e0da;\n}\n\n.cp-tile-label {\n  font-family: 'Helvetica Neue', Helvetica, Arial, sans-serif;\n  font-size: 0.72em;\n  font-weight: 700;\n  text-transform: uppercase;\n  letter-spacing: 1.5px;\n  color: #999895;\n  margin-bottom: 8px;\n}\n\n.cp-tile a {\n  font-family: 'Poppins', sans-serif;\n  font-size: 0.95em;\n  font-weight: 400;\n  color: #111110;\n  text-decoration: none;\n  border-bottom: 1px solid #111110;\n  transition: color 0.2s, border-color 0.2s;\n}\n\n.cp-tile a:hover { color: #FF5C0B; border-bottom-color: #FF5C0B; }\n\n\/* \u2500\u2500 Closing CTA box \u2500\u2500\u2500\u2500\u2500\u2500\u2500\u2500\u2500\u2500\u2500\u2500\u2500\u2500\u2500\u2500\u2500\u2500\u2500\u2500\u2500\u2500\u2500\u2500\u2500\u2500\u2500\u2500\u2500\u2500 *\/\n.cp-cta-box {\n  padding: 36px 40px;\n  background: #fdf6f0;\n  border-left: 4px solid #FF5C0B;\n}\n\n.cp-cta-box .cp-body { margin-bottom: 14px; }\n\n.cp-cta-line {\n  font-family: 'Helvetica Neue', Helvetica, Arial, sans-serif;\n  font-size: 1em;\n  font-weight: 700;\n  color: #111110;\n  line-height: 1.6;\n  margin-bottom: 6px;\n}\n\n\/* \u2500\u2500 Service cards \u2500\u2500\u2500\u2500\u2500\u2500\u2500\u2500\u2500\u2500\u2500\u2500\u2500\u2500\u2500\u2500\u2500\u2500\u2500\u2500\u2500\u2500\u2500\u2500\u2500\u2500\u2500\u2500\u2500\u2500\u2500\u2500 *\/\n.cp-svc-strip {\n  background: #faf9f7;\n  border-top: 1px solid #e4e0da;\n  padding: 64px 60px;\n  margin: 0 -60px -64px;\n}\n\n@media (max-width: 860px) { .cp-svc-strip { padding: 48px 32px; margin: 0 -32px -40px; } }\n@media (max-width: 600px) { .cp-svc-strip { padding: 40px 20px; margin: 0 -20px -32px; } }\n\n.cp-cards {\n  display: grid;\n  grid-template-columns: repeat(3, 1fr);\n  gap: 16px;\n  margin-top: 32px;\n}\n\n@media (max-width: 700px) { .cp-cards { grid-template-columns: 1fr; } }\n\n.svc-card-compact {\n  padding: 28px 24px;\n  display: flex;\n  flex-direction: column;\n  text-decoration: none;\n  border: 1px solid transparent;\n  border-top: 3px solid transparent;\n  transition: border-top-color 200ms, transform 200ms, background 200ms;\n}\n\n.svc-card-compact:hover { transform: translateY(-3px); border-top-color: #FF5C0B; }\n\n.svc-card-compact.dark  { background: #181817; border-color: #2e2e2b; border-top-color: #2e2e2b; }\n.svc-card-compact.dark:hover  { background: #1e1d1c; }\n.svc-card-compact.light { background: #faf9f7; border-color: #e4e0da; border-top-color: #e4e0da; }\n.svc-card-compact.light:hover { background: #f5f3ef; }\n.svc-card-compact.mid   { background: #4a4845; border-color: #5a5754; border-top-color: #5a5754; }\n.svc-card-compact.mid:hover   { background: #555250; }\n\n.scc-tag { font-size: 10px; font-weight: 600; letter-spacing: 0.2em; text-transform: uppercase; color: #FF5C0B; margin-bottom: 10px; }\n\n.scc-title {\n  font-family: 'Helvetica Neue', Helvetica, Arial, sans-serif;\n  font-size: 1.05em;\n  font-weight: 700;\n  line-height: 1.3;\n  margin-bottom: 12px;\n}\n\n.svc-card-compact.dark  .scc-title { color: #f5f3ef; }\n.svc-card-compact.mid   .scc-title { color: #f5f3ef; }\n.svc-card-compact.light .scc-title { color: #111110; }\n.scc-title em { font-style: italic; color: #FF5C0B; }\n\n.scc-desc { font-size: 14px; line-height: 1.65; font-weight: 300; margin-bottom: 20px; flex-grow: 1; font-family: 'Poppins', sans-serif; }\n.svc-card-compact.dark  .scc-desc { color: #777470; }\n.svc-card-compact.mid   .scc-desc { color: #e0ddd8; }\n.svc-card-compact.light .scc-desc { color: #555552; }\n\n.scc-cta { display: inline-flex; align-items: center; gap: 8px; font-size: 13px; font-weight: 500; letter-spacing: 0.04em; color: #FF5C0B; text-decoration: none; font-family: 'Poppins', sans-serif; transition: gap 200ms; }\n.svc-card-compact:hover .scc-cta { gap: 12px; }\n.scc-cta svg { width: 14px; height: 14px; flex-shrink: 0; transition: transform 200ms; }\n.svc-card-compact:hover .scc-cta svg { transform: translateX(3px); }\n<\/style>\n\n<div id=\"zeas-contact\">\n\n  <!-- \u2550\u2550 INTRO + FORM \u2014 two column \u2550\u2550\u2550\u2550\u2550\u2550\u2550\u2550\u2550\u2550\u2550\u2550\u2550\u2550\u2550\u2550\u2550\u2550\u2550\u2550\u2550\u2550\u2550\u2550\u2550\u2550\u2550\u2550\u2550\u2550 -->\n  <div class=\"cp-layout\">\n\n    <!-- Left: intro copy + steps -->\n    <div>\n      <h1 class=\"cp-h2\" style=\"text-align:center;\">Lass uns \u00fcber dein<br>Immobilienprojekt in Hesperange.<\/h1>\n\n      <p class=\"cp-body\">Ob Sie in Hesperange kaufen, verkaufen oder mieten m\u00f6chten \u2013 wir helfen Ihnen gerne. Senden Sie uns Ihre Nachricht, und wir melden uns innerhalb von 24 Stunden bei Ihnen.<\/p>\n\n      <p class=\"cp-body\">Kein Verkaufsgespr\u00e4ch. Kein Druck. Nur ein offenes Gespr\u00e4ch dar\u00fcber, was Sie brauchen und ob wir Ihnen helfen k\u00f6nnen.<\/p>\n\n      <hr class=\"cp-divider\" style=\"margin:32px 0;\">\n\n      <div class=\"cp-eyebrow\">Was geschieht als N\u00e4chstes?<\/div>\n\n      <div class=\"cp-steps\">\n        <div class=\"cp-step\">\n          <div class=\"cp-step-num\">01<\/div>\n          <div>\n            <div class=\"cp-step-title\">Sie senden Ihre Nachricht<\/div>\n            <div class=\"cp-step-desc\">F\u00fcllen Sie das Formular aus. Erz\u00e4hlen Sie uns so viel oder so wenig \u00fcber Ihr Projekt, wie Sie m\u00f6chten.<\/div>\n          <\/div>\n        <\/div>\n        <div class=\"cp-step\">\n          <div class=\"cp-step-num\">02<\/div>\n          <div>\n            <div class=\"cp-step-title\">Sie erhalten eine sofortige Best\u00e4tigung<\/div>\n            <div class=\"cp-step-desc\">Sie erhalten umgehend eine Empfangsbest\u00e4tigung in Ihrem Posteingang, sodass Sie wissen, dass Ihre Nachricht angekommen ist.<\/div>\n          <\/div>\n        <\/div>\n        <div class=\"cp-step\">\n          <div class=\"cp-step-num\">03<\/div>\n          <div>\n            <div class=\"cp-step-title\">Wir melden uns bei Ihnen zur\u00fcck.<\/div>\n            <div class=\"cp-step-desc\">Innerhalb von 24 Stunden \u2013 eine direkte und durchdachte Antwort auf Ihre konkrete Situation.<\/div>\n          <\/div>\n        <\/div>\n      <\/div>\n    <\/div>\n\n    <!-- Right: Fluent Form -->\n    <div>\n      <div class='fluentform ff-default fluentform_wrapper_13 ffs_default_wrap'><form data-form_id=\"13\" id=\"fluentform_13\" class=\"frm-fluent-form fluent_form_13 ff-el-form-top ff_form_instance_13_1 ff-form-loading ffs_default\" data-form_instance=\"ff_form_instance_13_1\" method=\"POST\" action=\"\" ><fieldset  style=\"border: none!important;margin: 0!important;padding: 0!important;background-color: transparent!important;box-shadow: none!important;outline: none!important; min-inline-size: 100%;\">\n                    <legend class=\"ff_screen_reader_title\" style=\"display: block; margin: 0!important;padding: 0!important;height: 0!important;text-indent: -999999px;width: 0!important;overflow:hidden;\">Kontaktformular<\/legend>        <div\n                style=\"display: none!important; position: absolute!important; transform: translateX(1000%)!important;\"\n                class=\"ff-el-group ff-hpsf-container\"\n        >\n            <div class=\"ff-el-input--label asterisk-right\">\n                <label for=\"ff_13_item_sf\" aria-label=\"Newsletter\">\n                    Newsletter                <\/label>\n            <\/div>\n            <div class=\"ff-el-input--content\">\n                <input type=\"text\"\n                       name=\"item_13__fluent_sf\"\n                       class=\"ff-el-form-control\"\n                       id=\"ff_13_item_sf\"\n                \/>\n            <\/div>\n        <\/div>\n        <input type='hidden' name='__fluent_form_embded_post_id' value='29243' \/><input type=\"hidden\" id=\"_fluentform_13_fluentformnonce\" name=\"_fluentform_13_fluentformnonce\" value=\"8bb43e89d6\" \/><input type=\"hidden\" name=\"_wp_http_referer\" value=\"\/de\/wp-json\/wp\/v2\/pages\/29243\" \/><div class='ff-el-group'><div class=\"ff-el-input--label ff-el-is-required asterisk-right\"><label for='ff_13_input_text' id='label_ff_13_input_text' aria-label=\"Vorname\">Vorname<\/label><\/div><div class='ff-el-input--content'><input type=\"text\" name=\"input_text\" class=\"ff-el-form-control\" placeholder=\"John Miller\" data-name=\"input_text\" tabindex=\"1\" id=\"ff_13_input_text\"  aria-invalid=\"false\" aria-required=\"true\"><\/div><\/div><div class='ff-el-group'><div class=\"ff-el-input--label ff-el-is-required asterisk-right\"><label for='ff_13_email' id='label_ff_13_email' aria-label=\"E-Mail\">E-Mail<\/label><\/div><div class='ff-el-input--content'><input type=\"email\" name=\"email\" id=\"ff_13_email\" class=\"ff-el-form-control\" placeholder=\"john.miller@email.com\" data-name=\"email\" tabindex=\"2\"  aria-invalid=\"false\" aria-required=\"true\"><\/div><\/div><div class='ff-el-group'><div class=\"ff-el-input--label ff-el-is-required asterisk-right\"><label for='ff_13_phone' id='label_ff_13_phone' aria-label=\"Telefon\/Mobiltelefon\">Telefon\/Mobiltelefon<\/label><\/div><div class='ff-el-input--content'><input name=\"phone\" class=\"ff-el-form-control ff-el-phone\" value=\"+352 XXX XXX XXX\" type=\"tel\" data-name=\"phone\" id=\"ff_13_phone\" tabindex=\"3\" inputmode=\"tel\"  aria-invalid='false' aria-required=\"true\"><\/div><\/div><div class='ff-el-group'><div class=\"ff-el-input--label ff-el-is-required asterisk-right\"><label for='ff_13_message' id='label_ff_13_message' aria-label=\"Erz\u00e4hlen Sie uns von Ihrem Projekt\">Erz\u00e4hlen Sie uns von Ihrem Projekt<\/label><\/div><div class='ff-el-input--content'><textarea aria-required=\"true\" aria-labelledby=\"label_ff_13_message\" name=\"message\" id=\"ff_13_message\" class=\"ff-el-form-control\" placeholder=\"Sie m\u00f6chten kaufen, verkaufen, mieten oder einfach nur Hallo sagen? Wir freuen uns, von Ihnen zu h\u00f6ren.\" rows=\"4\" cols=\"2\" data-name=\"message\" tabindex=\"4\" ><\/textarea><\/div><\/div><div class='ff-el-group ff-text-center ff_submit_btn_wrapper'><button type=\"submit\" class=\"ff-btn ff-btn-submit ff-btn-md ff_btn_style\" tabindex=\"5\"  aria-label=\"Senden Sie Ihre Nachricht\">Senden Sie Ihre Nachricht<\/button><\/div><\/fieldset><input type=\"hidden\" name=\"trp-form-language\" value=\"de\"\/><\/form><div id='fluentform_13_errors' class='ff-errors-in-stack ff_form_instance_13_1 ff-form-loading_errors ff_form_instance_13_1_errors'><\/div><\/div>            <script type=\"text\/javascript\">\n                window.fluent_form_ff_form_instance_13_1 = {\"id\":\"13\",\"ajaxUrl\":\"https:\\\/\\\/zeas.immo\\\/wp-admin\\\/admin-ajax.php\",\"settings\":{\"layout\":{\"labelPlacement\":\"top\",\"asteriskPlacement\":\"asterisk-right\",\"helpMessagePlacement\":\"with_label\",\"errorMessagePlacement\":\"inline\",\"cssClassName\":\"\"},\"restrictions\":{\"denyEmptySubmission\":{\"enabled\":false}}},\"form_instance\":\"ff_form_instance_13_1\",\"form_id_selector\":\"fluentform_13\",\"rules\":{\"input_text\":{\"required\":{\"value\":true,\"message\":\"This field is required\",\"global_message\":\"This field is required\",\"global\":true}},\"email\":{\"required\":{\"value\":true,\"message\":\"This field is required\",\"global\":true,\"global_message\":\"This field is required\"},\"email\":{\"value\":true,\"message\":\"This field must contain a valid email\",\"global\":true,\"global_message\":\"This field must contain a valid email\"}},\"phone\":{\"required\":{\"value\":true,\"global\":true,\"message\":\"This field is required\",\"global_message\":\"This field is required\"},\"valid_phone_number\":{\"value\":false,\"global\":true,\"message\":\"Phone number is not valid\",\"global_message\":\"Phone number is not valid\"}},\"message\":{\"required\":{\"value\":true,\"message\":\"This field is required\",\"global\":true,\"global_message\":\"This field is required\"}}},\"debounce_time\":300};\n                            <\/script>\n            \n    <\/div>\n\n  <\/div>\n\n  <hr class=\"cp-divider\">\n\n  <!-- \u2550\u2550 CLOSING LINE \u2550\u2550\u2550\u2550\u2550\u2550\u2550\u2550\u2550\u2550\u2550\u2550\u2550\u2550\u2550\u2550\u2550\u2550\u2550\u2550\u2550\u2550\u2550\u2550\u2550\u2550\u2550\u2550\u2550\u2550\u2550\u2550\u2550\u2550\u2550\u2550\u2550\u2550\u2550\u2550\u2550\u2550\u2550 -->\n  <div style=\"text-align:center; padding: 30px 0;\">\n    <p style=\"font-family:'Helvetica Neue',Helvetica,Arial,sans-serif; font-size:1.15em; font-weight:700; color:#111110; margin-bottom:18px;\">Wir sind f\u00fcr Sie da, wenn Sie bereit sind.<\/p>\n    <p style=\"font-family:'Poppins',sans-serif; font-size:0.95em; font-weight:300; color:#999895; line-height:1.9;\">W\u00e4hrend Sie warten \u2013 sch\u00e4tzen Sie Ihre Anschaffungskosten mit unserem <a href=\"https:\/\/zeas.immo\/de\/immobilienkostenrechner\/\" style=\"color:#FF5C0B; text-decoration:none; border-bottom:1px solid #FF5C0B;\">Immobilienkostenrechner<\/a>, oder <a href=\"https:\/\/zeas.immo\/de\/verweisung\/\" style=\"color:#FF5C0B; text-decoration:none; border-bottom:1px solid #FF5C0B;\">jemanden weiterempfehlen<\/a> Und <strong style=\"font-weight:600; color:#111110;\">1.000 \u20ac verdienen<\/strong>.<\/p>\n  <\/div>\n\n  <hr class=\"cp-divider\">\n\n  <!-- \u2550\u2550 SERVICE CARDS \u2550\u2550\u2550\u2550\u2550\u2550\u2550\u2550\u2550\u2550\u2550\u2550\u2550\u2550\u2550\u2550\u2550\u2550\u2550\u2550\u2550\u2550\u2550\u2550\u2550\u2550\u2550\u2550\u2550\u2550\u2550\u2550\u2550\u2550\u2550\u2550\u2550\u2550\u2550\u2550\u2550\u2550 -->\n  <div class=\"cp-svc-strip\">\n    <div class=\"cp-eyebrow\" style=\"text-align:center;\">Unsere Dienstleistungen<\/div>\n    <h2 class=\"cp-h2\" style=\"text-align:center; margin-bottom:0;\">Kaufen. Verkaufen. <span style=\"color:#FF5C0B;\">Mieten.<\/span><\/h2>\n\n    <div class=\"cp-cards\">\n\n      <a href=\"https:\/\/zeas.immo\/de\/immobilien-kaufen\/\" class=\"svc-card-compact dark\">\n        <div class=\"scc-tag\">K\u00e4ufermakler \u00b7 Hesperange<\/div>\n        <div class=\"scc-title\">Kaufen Sie in Hesperange.<br><em>Sie zahlen nur f\u00fcr Ergebnisse.<\/em><\/div>\n        <p class=\"scc-desc\">Ihr Agent, nur Ihre Interessen. Wir vertreten Ihre Interessen anhand realer Transaktionsdaten \u2013 und berechnen Ihnen 30% von dem, was wir Ihnen einsparen.<\/p>\n        <span class=\"scc-cta\">Lesen Sie den Einkaufsf\u00fchrer. <svg viewbox=\"0 0 24 24\" fill=\"none\" stroke=\"currentColor\" stroke-width=\"2\"><path d=\"M5 12h14M12 5l7 7-7 7\"\/><\/svg><\/span>\n      <\/a>\n\n      <a href=\"https:\/\/zeas.immo\/de\/immobilie-verkaufen\/\" class=\"svc-card-compact light\">\n        <div class=\"scc-tag\">Makler des Verk\u00e4ufers \u00b7 Hesperange<\/div>\n        <div class=\"scc-title\">Verkauf in Hesperange.<br><em>Den richtigen Preis festlegen.<\/em><\/div>\n        <p class=\"scc-desc\">Ein Auftrag pro Dorf. Der Angebotspreis ist durch notarielle Transaktionsdaten belegt. F\u00fcr den Start ist kein Exklusivit\u00e4tsvertrag erforderlich.<\/p>\n        <span class=\"scc-cta\">Lesen Sie den Leitfaden des Verk\u00e4ufers. <svg viewbox=\"0 0 24 24\" fill=\"none\" stroke=\"currentColor\" stroke-width=\"2\"><path d=\"M5 12h14M12 5l7 7-7 7\"\/><\/svg><\/span>\n      <\/a>\n\n      <a href=\"https:\/\/zeas.immo\/de\/rent-property-hesperange\/\" class=\"svc-card-compact mid\">\n        <div class=\"scc-tag\">Vermieter \u00b7 Hesperange<\/div>\n        <div class=\"scc-title\">Vermietung in Hesperange.<br><em>Inklusive Sorgenfreiheit.<\/em><\/div>\n        <p class=\"scc-desc\">Gepr\u00fcfte und verifizierte Mieter, eine sorgf\u00e4ltige \u00dcbergabedokumentation und fortlaufende Unterst\u00fctzung \u2013 weniger unerwartete \u00dcberraschungen vom ersten Tag an.<\/p>\n        <span class=\"scc-cta\">Lesen Sie den Leitfaden f\u00fcr Vermieter. <svg viewbox=\"0 0 24 24\" fill=\"none\" stroke=\"currentColor\" stroke-width=\"2\"><path d=\"M5 12h14M12 5l7 7-7 7\"\/><\/svg><\/span>\n      <\/a>\n\n    <\/div>\n  <\/div>\n\n<\/div>\t\t\t\t<\/div>\n\t\t\t\t<\/div>\n\t\t\t\t\t<\/div>\n\t\t\t\t<\/div>\n\t\t\t\t<\/div>","protected":false},"excerpt":{"rendered":"<p>Let&#8217;s talk about yourproperty project in Hesperange. Whether you are buying, selling, or renting in Hesperange, we are here to help. Send us your message and we will get back to you within 24 hours. No sales pitch. No pressure. Just an honest conversation about what you need and whether we can help. What happens [&hellip;]<\/p>\n","protected":false},"author":4,"featured_media":0,"parent":0,"menu_order":0,"comment_status":"closed","ping_status":"closed","template":"elementor_header_footer","meta":{"footnotes":""},"class_list":["post-29243","page","type-page","status-publish","hentry"],"_links":{"self":[{"href":"https:\/\/zeas.immo\/de\/wp-json\/wp\/v2\/pages\/29243","targetHints":{"allow":["GET"]}}],"collection":[{"href":"https:\/\/zeas.immo\/de\/wp-json\/wp\/v2\/pages"}],"about":[{"href":"https:\/\/zeas.immo\/de\/wp-json\/wp\/v2\/types\/page"}],"author":[{"embeddable":true,"href":"https:\/\/zeas.immo\/de\/wp-json\/wp\/v2\/users\/4"}],"replies":[{"embeddable":true,"href":"https:\/\/zeas.immo\/de\/wp-json\/wp\/v2\/comments?post=29243"}],"version-history":[{"count":3,"href":"https:\/\/zeas.immo\/de\/wp-json\/wp\/v2\/pages\/29243\/revisions"}],"predecessor-version":[{"id":49870,"href":"https:\/\/zeas.immo\/de\/wp-json\/wp\/v2\/pages\/29243\/revisions\/49870"}],"wp:attachment":[{"href":"https:\/\/zeas.immo\/de\/wp-json\/wp\/v2\/media?parent=29243"}],"curies":[{"name":"wp","href":"https:\/\/api.w.org\/{rel}","templated":true}]}}