{"id":27621,"date":"2025-04-12T22:58:45","date_gmt":"2025-04-12T22:58:45","guid":{"rendered":"https:\/\/zeas.immo\/?page_id=27621"},"modified":"2025-11-17T13:16:51","modified_gmt":"2025-11-17T13:16:51","slug":"konditioune-vun-der-empfehlung","status":"publish","type":"page","link":"https:\/\/zeas.immo\/lb\/referral-terms-conditions\/","title":{"rendered":"Konditioune vum Empfehlungsbonusprogramm"},"content":{"rendered":"<div data-elementor-type=\"wp-page\" data-elementor-id=\"27621\" class=\"elementor elementor-27621\" data-elementor-post-type=\"page\">\n\t\t\t\t<div class=\"elementor-element elementor-element-a4211de e-flex e-con-boxed e-con e-parent\" data-id=\"a4211de\" data-element_type=\"container\" data-e-type=\"container\">\n\t\t\t\t\t<div class=\"e-con-inner\">\n\t\t\t\t<div class=\"elementor-element elementor-element-6c51fd6 elementor-widget elementor-widget-text-editor\" data-id=\"6c51fd6\" data-element_type=\"widget\" data-e-type=\"widget\" data-widget_type=\"text-editor.default\">\n\t\t\t\t<div class=\"elementor-widget-container\">\n\t\t\t\t\t\t\t\t\t<p>D\u00ebs Allgemeng Gesch\u00e4ftsbedingungen regelen de Referral Bonus Programm, deen vun zeas.immo ugebuede g\u00ebtt, enger Immobilienplattform d\u00e9i am Bes\u00ebtz vun der Zeas Group S\u00e0rl (&quot;zeas.immo&quot;, &quot;mir&quot;, &quot;eis&quot;) ass a finanziell Beloununge fir Persounen ubitt, d\u00e9i Immobilien empfeelen, d\u00e9i erfollegr\u00e4ich opgel\u00ebscht a verkaaft oder verlount goufen iwwer eis Agence.<\/p><p>D\u00ebs Konditioune sinn Erg\u00e4nzung zu den Allgemengen Gesch\u00e4ftsbedingungen vun zeas.immo a g\u00ebllen speziell fir d\u00ebst Programm.<\/p><p><strong>1. Zouloossung<\/strong><\/p><ol><li>D&#039;Iwwerweisungsprogramm ass op fir Persounen ab 18 Joer, d\u00e9i legal zu L\u00ebtzebuerg oder an engem EU-Memberstaat wunnen.<\/li><li>Mataarbechter, Entreprisen a direkt Familljemembere vun de Mataarbechter vun der Zeas Group S\u00e0rl sinn vun der Participatioun ausgeschloss.<\/li><li>De Verweiser muss korrekt Informatiounen iwwer d&#039;Immobilie an hire Bes\u00ebtzer uginn, an de Bes\u00ebtzer muss ausdr\u00e9cklech zougest\u00ebmmt hunn, d&#039;Immobilie bei zeas.immo ze l\u00ebschten.<\/li><li>De Referent d\u00e4erf net de Bes\u00ebtzer, Matbes\u00ebtzer oder wirtschaftleche Bes\u00ebtzer vun der referenz\u00e9ierter Immobilie sinn. Selbstreferenzen sinn streng verbueden. De Referent d\u00e4erf eng Dr\u00ebtt Partei sinn, d\u00e9i kee Bes\u00ebtzrecht oder juristesche Recht op d\u00e9i referenz\u00e9iert Immobilie huet.<\/li><\/ol><p><strong>2. Empfehlungsprozess<\/strong><\/p><p>2.1 Fir Iech fir e Referralbonus ze qualifiz\u00e9ieren:<\/p><ol><li>D\u00e9i referenz\u00e9iert Immobilie muss erfollegr\u00e4ich bei zeas.immo opgel\u00ebscht sinn.<\/li><li>Fir de Verkaf: D&#039;Immobilie muss iwwer d&#039;Servicer vun zeas.immo verkaaft ginn, woub\u00e4i d&#039;Verkafstransaktioun virun engem Notaire ausgef\u00e9iert a bei der zoust\u00e4nneger l\u00ebtzebuerger \u00ebffentlecher Autorit\u00e9it ordnungsgem\u00e4\u00df registr\u00e9iert g\u00ebtt.<\/li><li>Fir Locatiounen: D&#039;Immobilie muss iwwer d&#039;Servicer vun zeas.immo verlount ginn, mat engem \u00ebnnerschriwwenen a g\u00fcltege Locatiounskontrakt a wou zoutreffend, bei der zoust\u00e4nneger Autorit\u00e9it registr\u00e9iert ginn.<\/li><\/ol><p>2.2. Wann d\u00e9i referenz\u00e9iert Immobilie aus verschiddenen Elementer besteet (z.B. Appartement, Garage, Gaart), d\u00e9i separat verkaaft oder verlount ginn, g\u00ebllt de Referenzbonus n\u00ebmmen eemol fir de ganze Immobilienpaket.<\/p><p><strong>3. Immobilien \u00ebnner bestehenden Representatiounskontrakter<\/strong><\/p><p>Immobilien, d\u00e9i aktuell vun aneren Immobilienagenturen vertruede ginn, k\u00ebnnen \u00ebnner de folgende spezifesche Konditioune fir Empfehlungsbonussen a Fro kommen:<\/p><p><strong>3.1 Net-exklusiv Vertriedung:<\/strong><\/p><p>Fir Immobilien \u00ebnner net-exklusive Vertriedungsvertr\u00e4g mat aneren Agenturen, sinn Empfehlungen g\u00eblteg wann:<\/p><p>\u2013 De Propriet\u00e4r vun der Immobilie \u00ebnnerschreift e Vertriedungsvertrag mat zeas.immo<\/p><p>\u2013 D&#039;Immobilie gouf erfollegr\u00e4ich iwwer d&#039;Servicer vun zeas.immo verkaaft oder verlount<\/p><p>\u2013 All Konditiounen, d\u00e9i an den Abschnitter 2 beschriwwe sinn, sinn erf\u00ebllt<\/p><p><strong>3.2 Exklusiv Vertriedung:<\/strong><\/p><p>Fir Immobilien \u00ebnner exklusiven Representatiounskontrakter ginn Empfehlungen n\u00ebmmen als g\u00eblteg ugesinn, wann:<\/p><p>\u2013 D&#039;Exklusivit\u00e9itsperiod mat der aktueller Agence ass ofgelaf, ODER<\/p><p>\u2013 De Propriet\u00e4r huet s\u00e4in exklusiven Kontrakt mat der aktueller Agence rechtlech gek\u00ebnnegt oder ge\u00e4nnert, am Aklang mam g\u00ebltege l\u00ebtzebuergesche Recht a vertragleche Konditiounen.<\/p><p>\u2013 De Propriet\u00e4r \u00ebnnerschreift duerno e Vertriedungsvertrag mat zeas.immo<\/p><p>\u2013 D&#039;Immobilie gouf erfollegr\u00e4ich iwwer d&#039;Servicer vun zeas.immo verkaaft oder verlount<\/p><p><strong>3.3 Gesetzlech Konformit\u00e9it:<\/strong><\/p><p>zeas.immo w\u00e4ert keng aktiv Immobilien am Kader vu g\u00fcltege exklusive Vertriedungskontrakter sichen. D&#039;Iwwerweiser mussen dofir suergen, datt all Empfehlung vun esou Immobilien de l\u00ebtzebuergesche Immobiliereglementer entspr\u00e9cht an net mat existente vertragleche Verpflichtungen a Kontakt k\u00ebnnt. zeas.immo beh\u00e4lt sech d&#039;Recht vir, de Status vun all Vertriedungskontrakt ze kontroll\u00e9ieren, ier eng Empfehlung akzept\u00e9iert g\u00ebtt.<\/p><p><strong>3.4<\/strong> Dokumentatiounsufuerderungen:<\/p><p>Fir Immobilien mat enger exist\u00e9ierender oder rezenter Vertriedungsgeschicht, kann zous\u00e4tzlech Dokumentatioun erfuerderlech sinn, fir d&#039;Zul\u00e4sslechkeet ze best\u00e4tegen, dor\u00ebnner e Beweis vun der K\u00ebnnegung oder dem Oflaf vum Kontrakt.<\/p><p><strong>4. Ausbezuelung vum Bonus<\/strong><\/p><ol><li>Fir de Verkaf:<ol><li>E Referralbonus vun 1.000 \u20ac g\u00ebtt n\u00ebmmen ausbezuelt, wann all folgend Konditioune erf\u00ebllt sinn:<\/li><li>D&#039;Transaktioun gouf virun engem Notaire ausgef\u00e9iert a ordnungsgem\u00e4\u00df bei de zoust\u00e4nnegen Autorit\u00e9iten registr\u00e9iert.<\/li><li>zeas.immo huet seng Kommissiounsgeb\u00fchren aus dem Verkaf vollst\u00e4nneg bezuelt kritt.<\/li><li>De Referent huet eng g\u00fclteg Bezuelungsufro agereecht (Rechnung oder gl\u00e4ichw\u00e4erteg, ofh\u00e4ngeg vu sengem finanziellen\/entrepreneuresche Status).<\/li><li>D&#039;Bezuelung muss bannent 10 Deeg gemaach ginn, nodeems all uewe genannten Konditioune erf\u00ebllt sinn.<\/li><\/ol><\/li><\/ol><p>\u00a0 \u00a0 \u00a0 \u00a0 2. Fir Locatiounen:<\/p><ol><li style=\"list-style-type: none;\"><ol><li>E Referenzbonus gl\u00e4ichw\u00e4erteg mat 10% vum \u00e9ischte Mount Loyer (ouni Nebenk\u00e4schten) g\u00ebtt er\u00e9ischt ausbezuelt, wann all d\u00e9i folgend Konditioune erf\u00ebllt sinn:<\/li><li>E Locatiounskontrakt gouf vum Propriet\u00e4r a Locataire \u00ebnnerschriwwen an, wa m\u00e9iglech, bei den Autorit\u00e9iten registr\u00e9iert.<\/li><li>zeas.immo huet seng Kommissiounsgeb\u00fchren aus der Locatioun vollst\u00e4nneg Bezuelung kritt.<\/li><li>De Referrer huet eng g\u00fclteg Bezuelungsufro (Rechnung oder gl\u00e4ichw\u00e4erteg) agereecht.<\/li><li>D&#039;Bezuelung muss bannent 30 Deeg gemaach ginn, nodeems all uewe genannten Konditioune erf\u00ebllt sinn.<\/li><\/ol><\/li><\/ol><p>\u00a0 \u00a0 \u00a0 \u00a03. All Bezuelunge ginn ausschliisslech per Bankiwwerweisung op de Kont gemaach, deen de Referent op senger Bezuelungsufro uginn huet.<\/p><p><strong>5. Steierverpflichtungen<\/strong><\/p><ol><li>De Referent ass eleng verantwortlech fir d&#039;Deklaratioun an d&#039;Bezuelung vun all Steieren, Sozialb\u00e4itr\u00e4g oder Geb\u00fchren, d\u00e9i no de Fiskalgesetzer vu sengem Wunns\u00ebtzland g\u00ebllen.<\/li><li>zeas.immo h\u00e4lt keng Steieren op Empfehlungsbonusen zr\u00e9ck a w\u00e4ert se net am Numm vum Empfehler mellen.<\/li><\/ol><p><strong>6. Verbuedent Verhalen<\/strong><\/p><p>Fir M\u00ebssbrauch oder betr\u00fcgeresch Aktivit\u00e9iten ze verh\u00ebnneren, sinn d\u00e9i folgend Saachen streng verbueden:<\/p><ol><li>Falsch, irf\u00e9ierend oder onvollst\u00e4nneg Informatiounen iwwer Immobilien oder hir Bes\u00ebtzer ubidden.<\/li><li>Referenzen ouni d\u00e9i explizit Zoust\u00ebmmung vum Propriet\u00e4r maachen.<\/li><li>Versich, de Referralprogramm vum zeas.immo ze manipul\u00e9ieren, ze st\u00e9ieren oder soss ze m\u00ebssbrauchen.<\/li><li>Versich, a g\u00fclteg Vertriedungsvertr\u00e4g anzegr\u00e4ifen oder Vertragsverletzungen ze encourag\u00e9ieren.<\/li><li>Selbstempfehlungen oder Empfehlungen vun Immobilien, un deenen de Empfehler direkt oder indirekt Eegentumsbedeelegungen huet.<\/li><\/ol><p>All Verletzung kann zu enger Disqualifikatioun vum Programm a Verloscht vun de Rechter op e Referralbonus f\u00e9ieren.<\/p><p><strong>7. Dateschutz<\/strong><\/p><ol><li>Pers\u00e9inlech Donn\u00e9e\u00ebn, d\u00e9i fir d&#039;Participatioun un d\u00ebsem Programm gesammelt ginn, ginn am Aklang mat der DSGVO an de g\u00ebltege l\u00ebtzebuergesche Dateschutzgesetzer veraarbecht, w\u00e9i weider an eiser Dateschutzpolitik detaill\u00e9iert beschriwwen.<\/li><li>Duerch d&#039;Participatioun um Programm st\u00ebmmen d&#039;Referenten zou, datt hir Donn\u00e9e\u00ebn fir Zwecker benotzt ginn, d\u00e9i direkt mat der Administratioun vun d\u00ebsem Programm zesummenh\u00e4nken.<\/li><\/ol><p><strong>8. Haftungsbeschr\u00e4nkung<\/strong><\/p><ol><li>zeas.immo beh\u00e4lt sech d&#039;Recht vir, all Empfehlungen ofzelehnen, d\u00e9i d\u00ebs Allgemeng Gesch\u00e4ftsbedingungen net erf\u00ebllt.<\/li><li>D&#039;Participatioun um Empfehlungsprogramm schaaft keng Besch\u00e4ftegungs-, Partnerschafts- oder Agenturverh\u00e4ltnis t\u00ebscht dem Empfehler an zeas.immo.<\/li><li>Am maximalen gesetzlech erlaabten \u00cbmfang ass zeas.immo net haftbar fir direkt, indirekt, zouf\u00e4lleg oder Folgeschied, d\u00e9i aus der Participatioun un d\u00ebsem Programm entstinn.<\/li><\/ol><p><strong>9. \u00c4nnerungen an Enn<\/strong><\/p><p>zeas.immo beh\u00e4lt sech d&#039;Recht vir, d\u00ebst Empfehlungsbonusprogramm zu all Moment no eegenem Erm\u00ebsse z&#039;\u00e4nneren oder ze k\u00ebnnegen. All \u00c4nnerunge trieden a Kraaft, soubal se op der Webs\u00e4it publiz\u00e9iert goufen. Weider Participatioun stellt d&#039;Akzeptanz vun den ge\u00e4nnerte Konditiounen duer.<\/p><p><strong>10. Uwendend Recht a Jurisdiktioun<\/strong><\/p><p>D\u00ebs Allgemeng Gesch\u00e4ftsbedingungen \u00ebnnerleien dem l\u00ebtzebuergesche Recht. All Str\u00e4itf\u00e4ll, d\u00e9i am Zesummenhang mat d\u00ebsem Programm entstinn, falen \u00ebnner d&#039;exklusiv Kompetenz vun de Geriichter vun der Stad L\u00ebtzebuerg.<\/p><p><strong>11. Kontaktinformatiounen<\/strong><\/p><p>Fir all Froen oder weider Informatiounen iwwer d\u00ebst Programm, kontakt\u00e9iert eis w.e.g.:<\/p><ol><li>E-Mail: <a href=\"mailto:hello@zeas.immo\">hello@zeas.immo<\/a><\/li><li>\u2022Telefon: <a href=\"tel:+352 691 624 645\">+352 691 624 645<\/a><\/li><li>All Ufroen iwwer eng Empfehlung kr\u00e9ien bannent 2 Aarbechtsdeeg no hirer Areeche en \u00e9ischte Feedback. E weidere Feedback oder eng Best\u00e4tegung vun der Empfehlung g\u00ebtt erwaart nodeems e Vertriedungsvertrag mam Bes\u00ebtzer vun der Immobilie \u00ebnnerschriwwe gouf.<\/li><\/ol><p>Mat der Participatioun un d\u00ebsem Programm best\u00e4tegen d&#039;Referrer hir Akzeptanz vun d\u00ebse Konditiounen a vun de Konditioune vun zeas.immo. <a href=\"https:\/\/zeas.immo\/lb\/konditioune\/\">Allgemeng Gesch\u00e4ftsbedingungen.<\/a><\/p>\t\t\t\t\t\t\t\t<\/div>\n\t\t\t\t<\/div>\n\t\t\t\t\t<\/div>\n\t\t\t\t<\/div>\n\t\t\t\t<\/div>","protected":false},"excerpt":{"rendered":"<p>These Terms and Conditions govern the Referral Bonus Program offered by zeas.immo, a real estate platform owned and operated by Zeas Group S\u00e0rl (\u201czeas.immo\u201d, \u201cwe\u201d, \u201cour\u201d), which provides monetary rewards to individuals who refer properties that are successfully listed and either sold or rented through our agency. These terms are supplementary to zeas.immo\u2019s General Terms [&hellip;]<\/p>\n","protected":false},"author":4,"featured_media":0,"parent":0,"menu_order":0,"comment_status":"closed","ping_status":"closed","template":"","meta":{"footnotes":""},"class_list":["post-27621","page","type-page","status-publish","hentry"],"_links":{"self":[{"href":"https:\/\/zeas.immo\/lb\/wp-json\/wp\/v2\/pages\/27621","targetHints":{"allow":["GET"]}}],"collection":[{"href":"https:\/\/zeas.immo\/lb\/wp-json\/wp\/v2\/pages"}],"about":[{"href":"https:\/\/zeas.immo\/lb\/wp-json\/wp\/v2\/types\/page"}],"author":[{"embeddable":true,"href":"https:\/\/zeas.immo\/lb\/wp-json\/wp\/v2\/users\/4"}],"replies":[{"embeddable":true,"href":"https:\/\/zeas.immo\/lb\/wp-json\/wp\/v2\/comments?post=27621"}],"version-history":[{"count":0,"href":"https:\/\/zeas.immo\/lb\/wp-json\/wp\/v2\/pages\/27621\/revisions"}],"wp:attachment":[{"href":"https:\/\/zeas.immo\/lb\/wp-json\/wp\/v2\/media?parent=27621"}],"curies":[{"name":"wp","href":"https:\/\/api.w.org\/{rel}","templated":true}]}}